{"id":364,"date":"2023-04-12T16:52:04","date_gmt":"2023-04-12T19:52:04","guid":{"rendered":"https:\/\/visitepaulolopes.com.br\/?page_id=364"},"modified":"2025-11-24T21:08:11","modified_gmt":"2025-11-25T00:08:11","slug":"blog","status":"publish","type":"page","link":"https:\/\/visitepaulolopes.com.br\/en\/blog\/","title":{"rendered":"Blog"},"content":{"rendered":"<div data-elementor-type=\"wp-page\" data-elementor-id=\"364\" class=\"elementor elementor-364\" data-elementor-post-type=\"page\">\n\t\t\t\t\t\t<section class=\"elementor-section elementor-top-section elementor-element elementor-element-743943e8 elementor-section-boxed elementor-section-height-default elementor-section-height-default\" data-id=\"743943e8\" data-element_type=\"section\" data-e-type=\"section\" data-settings=\"{&quot;background_background&quot;:&quot;classic&quot;}\">\n\t\t\t\t\t\t<div class=\"elementor-container elementor-column-gap-default\">\n\t\t\t\t\t<div class=\"elementor-column elementor-col-66 elementor-top-column elementor-element elementor-element-194a01b6\" data-id=\"194a01b6\" data-element_type=\"column\" data-e-type=\"column\">\n\t\t\t<div class=\"elementor-widget-wrap elementor-element-populated\">\n\t\t\t\t\t\t<div class=\"elementor-element elementor-element-5e2be1cf elementor-grid-1 elementor-grid-tablet-2 elementor-grid-mobile-1 elementor-posts--thumbnail-top elementor-widget elementor-widget-posts\" data-id=\"5e2be1cf\" data-element_type=\"widget\" data-e-type=\"widget\" data-settings=\"{&quot;classic_columns&quot;:&quot;1&quot;,&quot;classic_row_gap&quot;:{&quot;unit&quot;:&quot;px&quot;,&quot;size&quot;:24,&quot;sizes&quot;:[]},&quot;classic_columns_tablet&quot;:&quot;2&quot;,&quot;classic_columns_mobile&quot;:&quot;1&quot;,&quot;classic_row_gap_tablet&quot;:{&quot;unit&quot;:&quot;px&quot;,&quot;size&quot;:&quot;&quot;,&quot;sizes&quot;:[]},&quot;classic_row_gap_mobile&quot;:{&quot;unit&quot;:&quot;px&quot;,&quot;size&quot;:&quot;&quot;,&quot;sizes&quot;:[]}}\" data-widget_type=\"posts.classic\">\n\t\t\t\t<div class=\"elementor-widget-container\">\n\t\t\t\t\t\t\t<div class=\"elementor-posts-container elementor-posts elementor-posts--skin-classic elementor-grid\" role=\"list\">\n\t\t\t\t<article class=\"elementor-post elementor-grid-item post-9250 post type-post status-publish format-standard has-post-thumbnail hentry category-circuitos tag-cavalgada tag-eco-mirante-hotel tag-experiencia-rural tag-experiencias-ao-ar-livre tag-gastronomia-local tag-interior-de-paulo-lopes tag-morro-do-freitas tag-natureza tag-paulo-lopes tag-piquenique-ao-por-do-sol tag-turismo-em-santa-catarina tag-turismo-no-meio-rural tag-turismo-sustentavel tag-vida-no-campo\" role=\"listitem\">\n\t\t\t\t<a class=\"elementor-post__thumbnail__link\" href=\"https:\/\/visitepaulolopes.com.br\/en\/caminhos-rurais-de-paulo-lopes-as-experiencias-que-surpreendem-qualquer-visitante\/\" tabindex=\"-1\" >\n\t\t\t<div class=\"elementor-post__thumbnail\"><img fetchpriority=\"high\" decoding=\"async\" width=\"1252\" height=\"704\" src=\"https:\/\/visitepaulolopes.com.br\/wp-content\/uploads\/2025\/11\/ecomirante-piquenique-1.jpg\" class=\"attachment-full size-full wp-image-9054\" alt=\"\" srcset=\"https:\/\/visitepaulolopes.com.br\/wp-content\/uploads\/2025\/11\/ecomirante-piquenique-1.jpg 1252w, https:\/\/visitepaulolopes.com.br\/wp-content\/uploads\/2025\/11\/ecomirante-piquenique-1-300x169.jpg 300w, https:\/\/visitepaulolopes.com.br\/wp-content\/uploads\/2025\/11\/ecomirante-piquenique-1-1024x576.jpg 1024w, https:\/\/visitepaulolopes.com.br\/wp-content\/uploads\/2025\/11\/ecomirante-piquenique-1-768x432.jpg 768w, https:\/\/visitepaulolopes.com.br\/wp-content\/uploads\/2025\/11\/ecomirante-piquenique-1-18x10.jpg 18w\" sizes=\"(max-width: 1252px) 100vw, 1252px\" \/><\/div>\n\t\t<\/a>\n\t\t\t\t<div class=\"elementor-post__text\">\n\t\t\t\t<h3 class=\"elementor-post__title\">\n\t\t\t<a href=\"https:\/\/visitepaulolopes.com.br\/en\/caminhos-rurais-de-paulo-lopes-as-experiencias-que-surpreendem-qualquer-visitante\/\" >\n\t\t\t\tPaulo Lopes&#039; Rural Trails: experiences that will surprise any visitor!\u00a0\t\t\t<\/a>\n\t\t<\/h3>\n\t\t\t\t<\/div>\n\t\t\t\t<\/article>\n\t\t\t\t<\/div>\n\t\t\n\t\t\t\t\t\t<\/div>\n\t\t\t\t<\/div>\n\t\t\t\t\t<\/div>\n\t\t<\/div>\n\t\t\t\t<div class=\"elementor-column elementor-col-33 elementor-top-column elementor-element elementor-element-781989d7\" data-id=\"781989d7\" data-element_type=\"column\" data-e-type=\"column\">\n\t\t\t<div class=\"elementor-widget-wrap elementor-element-populated\">\n\t\t\t\t\t\t<div class=\"elementor-element elementor-element-10317ed elementor-grid-1 elementor-grid-tablet-2 elementor-grid-mobile-1 elementor-posts--thumbnail-top elementor-widget elementor-widget-posts\" data-id=\"10317ed\" data-element_type=\"widget\" data-e-type=\"widget\" data-settings=\"{&quot;classic_columns&quot;:&quot;1&quot;,&quot;classic_row_gap&quot;:{&quot;unit&quot;:&quot;px&quot;,&quot;size&quot;:20,&quot;sizes&quot;:[]},&quot;classic_columns_tablet&quot;:&quot;2&quot;,&quot;classic_columns_mobile&quot;:&quot;1&quot;,&quot;classic_row_gap_tablet&quot;:{&quot;unit&quot;:&quot;px&quot;,&quot;size&quot;:&quot;&quot;,&quot;sizes&quot;:[]},&quot;classic_row_gap_mobile&quot;:{&quot;unit&quot;:&quot;px&quot;,&quot;size&quot;:&quot;&quot;,&quot;sizes&quot;:[]}}\" data-widget_type=\"posts.classic\">\n\t\t\t\t<div class=\"elementor-widget-container\">\n\t\t\t\t\t\t\t<div class=\"elementor-posts-container elementor-posts elementor-posts--skin-classic elementor-grid\" role=\"list\">\n\t\t\t\t<article class=\"elementor-post elementor-grid-item post-9229 post type-post status-publish format-standard has-post-thumbnail hentry category-circuitos tag-alambique-dom-bueno tag-aventura-ao-ar-livre tag-cascata-encantada tag-cervejaria-bugio tag-ciclismo tag-ciclismo-em-santa-catarina tag-cicloturismo tag-circuito-de-cicloturismo tag-eco-mirante-hotel tag-morro-do-agudo tag-natureza tag-paulo-lopes tag-pontos-de-apoio tag-rota-de-bicicleta tag-turismo-ativo tag-turismo-esportivo\" role=\"listitem\">\n\t\t\t\t<a class=\"elementor-post__thumbnail__link\" href=\"https:\/\/visitepaulolopes.com.br\/en\/circuito-de-cicloturismo-de-paulo-lopes-natureza-historia-e-desafios-em-67-km-de-descobertas\/\" tabindex=\"-1\" >\n\t\t\t<div class=\"elementor-post__thumbnail\"><img decoding=\"async\" width=\"800\" height=\"800\" src=\"https:\/\/visitepaulolopes.com.br\/wp-content\/uploads\/2025\/11\/GALERIA-FOTOS-HOME-6.jpg\" class=\"attachment-full size-full wp-image-8963\" alt=\"\" srcset=\"https:\/\/visitepaulolopes.com.br\/wp-content\/uploads\/2025\/11\/GALERIA-FOTOS-HOME-6.jpg 800w, https:\/\/visitepaulolopes.com.br\/wp-content\/uploads\/2025\/11\/GALERIA-FOTOS-HOME-6-300x300.jpg 300w, https:\/\/visitepaulolopes.com.br\/wp-content\/uploads\/2025\/11\/GALERIA-FOTOS-HOME-6-150x150.jpg 150w, https:\/\/visitepaulolopes.com.br\/wp-content\/uploads\/2025\/11\/GALERIA-FOTOS-HOME-6-768x768.jpg 768w, https:\/\/visitepaulolopes.com.br\/wp-content\/uploads\/2025\/11\/GALERIA-FOTOS-HOME-6-12x12.jpg 12w\" sizes=\"(max-width: 800px) 100vw, 800px\" \/><\/div>\n\t\t<\/a>\n\t\t\t\t<div class=\"elementor-post__text\">\n\t\t\t\t<h3 class=\"elementor-post__title\">\n\t\t\t<a href=\"https:\/\/visitepaulolopes.com.br\/en\/circuito-de-cicloturismo-de-paulo-lopes-natureza-historia-e-desafios-em-67-km-de-descobertas\/\" >\n\t\t\t\tPaulo Lopes Cycling Circuit: nature, history and challenges in 67 km of discoveries\u00a0\t\t\t<\/a>\n\t\t<\/h3>\n\t\t\t\t<div class=\"elementor-post__meta-data\">\n\t\t\t\t\t<span class=\"elementor-post-date\">\n\t\t\tNovember 26, 2025\t\t<\/span>\n\t\t\t\t<\/div>\n\t\t\t\t<\/div>\n\t\t\t\t<\/article>\n\t\t\t\t<article class=\"elementor-post elementor-grid-item post-9220 post type-post status-publish format-standard has-post-thumbnail hentry category-dicas tag-atrativos-de-paulo-lopes tag-blog-de-turismo tag-cadastro-turistico tag-cadastur tag-circuito-de-cicloturismo tag-experiencias-rurais tag-guia-turistico tag-o-que-fazer-paulo-lopes tag-onde-comer-paulo-lopes tag-onde-ficar-paulo-lopes tag-planejamento-de-viagem tag-site-de-turismo tag-turismo-paulo-lopes tag-turismo-rural tag-viagens-santa-catarina\" role=\"listitem\">\n\t\t\t\t<a class=\"elementor-post__thumbnail__link\" href=\"https:\/\/visitepaulolopes.com.br\/en\/conheca-o-site-oficial-de-turismo-de-paulo-lopes-seu-guia-completo-para-explorar-o-municipio\/\" tabindex=\"-1\" >\n\t\t\t<div class=\"elementor-post__thumbnail\"><img decoding=\"async\" width=\"2560\" height=\"1440\" src=\"https:\/\/visitepaulolopes.com.br\/wp-content\/uploads\/2025\/11\/Capa-Blog_png-scaled.png\" class=\"attachment-full size-full wp-image-9226\" alt=\"\" srcset=\"https:\/\/visitepaulolopes.com.br\/wp-content\/uploads\/2025\/11\/Capa-Blog_png-scaled.png 2560w, https:\/\/visitepaulolopes.com.br\/wp-content\/uploads\/2025\/11\/Capa-Blog_png-300x169.png 300w, https:\/\/visitepaulolopes.com.br\/wp-content\/uploads\/2025\/11\/Capa-Blog_png-1024x576.png 1024w, https:\/\/visitepaulolopes.com.br\/wp-content\/uploads\/2025\/11\/Capa-Blog_png-768x432.png 768w, https:\/\/visitepaulolopes.com.br\/wp-content\/uploads\/2025\/11\/Capa-Blog_png-1536x864.png 1536w\" sizes=\"(max-width: 2560px) 100vw, 2560px\" \/><\/div>\n\t\t<\/a>\n\t\t\t\t<div class=\"elementor-post__text\">\n\t\t\t\t<h3 class=\"elementor-post__title\">\n\t\t\t<a href=\"https:\/\/visitepaulolopes.com.br\/en\/conheca-o-site-oficial-de-turismo-de-paulo-lopes-seu-guia-completo-para-explorar-o-municipio\/\" >\n\t\t\t\tDiscover the official tourism website of Paulo Lopes: your complete guide to exploring the municipality.\u00a0\t\t\t<\/a>\n\t\t<\/h3>\n\t\t\t\t<div class=\"elementor-post__meta-data\">\n\t\t\t\t\t<span class=\"elementor-post-date\">\n\t\t\tNovember 26, 2025\t\t<\/span>\n\t\t\t\t<\/div>\n\t\t\t\t<\/div>\n\t\t\t\t<\/article>\n\t\t\t\t<\/div>\n\t\t\n\t\t\t\t\t\t<\/div>\n\t\t\t\t<\/div>\n\t\t\t\t\t<\/div>\n\t\t<\/div>\n\t\t\t\t\t<\/div>\n\t\t<\/section>\n\t\t\t\t<section class=\"elementor-section elementor-top-section elementor-element elementor-element-516bcd5 elementor-section-boxed elementor-section-height-default elementor-section-height-default\" data-id=\"516bcd5\" data-element_type=\"section\" data-e-type=\"section\" data-settings=\"{&quot;background_background&quot;:&quot;classic&quot;}\">\n\t\t\t\t\t\t<div class=\"elementor-container elementor-column-gap-default\">\n\t\t\t\t\t<div class=\"elementor-column elementor-col-100 elementor-top-column elementor-element elementor-element-036ad9d\" data-id=\"036ad9d\" data-element_type=\"column\" data-e-type=\"column\">\n\t\t\t<div class=\"elementor-widget-wrap elementor-element-populated\">\n\t\t\t\t\t\t<div class=\"elementor-element elementor-element-384ae56 elementor-widget-divider--view-line_text elementor-widget-divider--element-align-center elementor-widget elementor-widget-divider\" data-id=\"384ae56\" data-element_type=\"widget\" data-e-type=\"widget\" data-widget_type=\"divider.default\">\n\t\t\t\t<div class=\"elementor-widget-container\">\n\t\t\t\t\t\t\t<div class=\"elementor-divider\">\n\t\t\t<span class=\"elementor-divider-separator\">\n\t\t\t\t\t\t\t<span class=\"elementor-divider__text elementor-divider__element\">\n\t\t\t\tCheck out other articles\t\t\t\t<\/span>\n\t\t\t\t\t\t<\/span>\n\t\t<\/div>\n\t\t\t\t\t\t<\/div>\n\t\t\t\t<\/div>\n\t\t\t\t\t<\/div>\n\t\t<\/div>\n\t\t\t\t\t<\/div>\n\t\t<\/section>\n\t\t\t\t<section class=\"elementor-section elementor-top-section elementor-element elementor-element-5cb97cab elementor-section-boxed elementor-section-height-default elementor-section-height-default\" data-id=\"5cb97cab\" data-element_type=\"section\" data-e-type=\"section\" data-settings=\"{&quot;background_background&quot;:&quot;classic&quot;}\">\n\t\t\t\t\t\t<div class=\"elementor-container elementor-column-gap-default\">\n\t\t\t\t\t<div class=\"elementor-column elementor-col-100 elementor-top-column elementor-element elementor-element-38c6e192\" data-id=\"38c6e192\" data-element_type=\"column\" data-e-type=\"column\">\n\t\t\t<div class=\"elementor-widget-wrap elementor-element-populated\">\n\t\t\t\t\t\t<div class=\"elementor-element elementor-element-baf3c1a elementor-grid-3 elementor-grid-tablet-2 elementor-grid-mobile-1 elementor-posts--thumbnail-top load-more-align-center elementor-widget elementor-widget-posts\" data-id=\"baf3c1a\" data-element_type=\"widget\" data-e-type=\"widget\" data-settings=\"{&quot;classic_row_gap&quot;:{&quot;unit&quot;:&quot;px&quot;,&quot;size&quot;:24,&quot;sizes&quot;:[]},&quot;pagination_type&quot;:&quot;load_more_on_click&quot;,&quot;classic_columns&quot;:&quot;3&quot;,&quot;classic_columns_tablet&quot;:&quot;2&quot;,&quot;classic_columns_mobile&quot;:&quot;1&quot;,&quot;classic_row_gap_tablet&quot;:{&quot;unit&quot;:&quot;px&quot;,&quot;size&quot;:&quot;&quot;,&quot;sizes&quot;:[]},&quot;classic_row_gap_mobile&quot;:{&quot;unit&quot;:&quot;px&quot;,&quot;size&quot;:&quot;&quot;,&quot;sizes&quot;:[]},&quot;load_more_spinner&quot;:{&quot;value&quot;:&quot;fas fa-spinner&quot;,&quot;library&quot;:&quot;fa-solid&quot;}}\" data-widget_type=\"posts.classic\">\n\t\t\t\t<div class=\"elementor-widget-container\">\n\t\t\t\t\t\t\t<div class=\"elementor-posts-container elementor-posts elementor-posts--skin-classic elementor-grid\" role=\"list\">\n\t\t\t\t<article class=\"elementor-post elementor-grid-item post-9210 post type-post status-publish format-standard has-post-thumbnail hentry category-dicas tag-avistagem-de-baleias tag-baleia-franca-2 tag-baleias-em-santa-catarina tag-guarda-do-embau tag-litoral-sul-catarinense tag-mapa-de-avistagens tag-natureza-paulo-lopes tag-observacao-de-baleias tag-paulo-lopes tag-praias-de-paulo-lopes tag-profranca tag-rota-da-baleia-franca tag-temporada-das-baleias tag-turismo-de-natureza tag-turismo-paulo-lopes\" role=\"listitem\">\n\t\t\t\t<a class=\"elementor-post__thumbnail__link\" href=\"https:\/\/visitepaulolopes.com.br\/en\/observacao-de-baleias-em-paulo-lopes-uma-experiencia-inesquecivel-na-praia-da-guarda-do-embau\/\" tabindex=\"-1\" >\n\t\t\t<div class=\"elementor-post__thumbnail\"><img loading=\"lazy\" decoding=\"async\" width=\"2560\" height=\"1440\" src=\"https:\/\/visitepaulolopes.com.br\/wp-content\/uploads\/2025\/11\/Ponta-do-Faisca-10-scaled.jpg\" class=\"attachment-full size-full wp-image-9029\" alt=\"\" srcset=\"https:\/\/visitepaulolopes.com.br\/wp-content\/uploads\/2025\/11\/Ponta-do-Faisca-10-scaled.jpg 2560w, https:\/\/visitepaulolopes.com.br\/wp-content\/uploads\/2025\/11\/Ponta-do-Faisca-10-300x169.jpg 300w, https:\/\/visitepaulolopes.com.br\/wp-content\/uploads\/2025\/11\/Ponta-do-Faisca-10-1024x576.jpg 1024w, https:\/\/visitepaulolopes.com.br\/wp-content\/uploads\/2025\/11\/Ponta-do-Faisca-10-768x432.jpg 768w, https:\/\/visitepaulolopes.com.br\/wp-content\/uploads\/2025\/11\/Ponta-do-Faisca-10-1536x864.jpg 1536w, https:\/\/visitepaulolopes.com.br\/wp-content\/uploads\/2025\/11\/Ponta-do-Faisca-10-2048x1152.jpg 2048w, https:\/\/visitepaulolopes.com.br\/wp-content\/uploads\/2025\/11\/Ponta-do-Faisca-10-18x10.jpg 18w\" sizes=\"(max-width: 2560px) 100vw, 2560px\" \/><\/div>\n\t\t<\/a>\n\t\t\t\t<div class=\"elementor-post__text\">\n\t\t\t\t<h3 class=\"elementor-post__title\">\n\t\t\t<a href=\"https:\/\/visitepaulolopes.com.br\/en\/observacao-de-baleias-em-paulo-lopes-uma-experiencia-inesquecivel-na-praia-da-guarda-do-embau\/\" >\n\t\t\t\tWhale watching in Paulo Lopes: an unforgettable experience on Guarda do Emba\u00fa Beach.\u00a0\t\t\t<\/a>\n\t\t<\/h3>\n\t\t\t\t<div class=\"elementor-post__meta-data\">\n\t\t\t\t\t<span class=\"elementor-post-date\">\n\t\t\tNovember 26, 2025\t\t<\/span>\n\t\t\t\t<\/div>\n\t\t\t\t<\/div>\n\t\t\t\t<\/article>\n\t\t\t\t<\/div>\n\t\t\t\t\t<span class=\"e-load-more-spinner\">\n\t\t\t\t<i aria-hidden=\"true\" class=\"fas fa-spinner\"><\/i>\t\t\t<\/span>\n\t\t\n\t\t\t\t\t\t<\/div>\n\t\t\t\t<\/div>\n\t\t\t\t\t<\/div>\n\t\t<\/div>\n\t\t\t\t\t<\/div>\n\t\t<\/section>\n\t\t\t\t<section class=\"elementor-section elementor-top-section elementor-element elementor-element-875bd83 elementor-section-boxed elementor-section-height-default elementor-section-height-default\" data-id=\"875bd83\" data-element_type=\"section\" data-e-type=\"section\" data-settings=\"{&quot;background_background&quot;:&quot;gradient&quot;}\">\n\t\t\t\t\t\t<div class=\"elementor-container elementor-column-gap-default\">\n\t\t\t\t\t<div class=\"elementor-column elementor-col-100 elementor-top-column elementor-element elementor-element-7672e1a\" data-id=\"7672e1a\" data-element_type=\"column\" data-e-type=\"column\">\n\t\t\t<div class=\"elementor-widget-wrap elementor-element-populated\">\n\t\t\t\t\t\t<div class=\"elementor-element elementor-element-855a750 elementor-widget elementor-widget-heading\" data-id=\"855a750\" data-element_type=\"widget\" data-e-type=\"widget\" data-widget_type=\"heading.default\">\n\t\t\t\t<div class=\"elementor-widget-container\">\n\t\t\t\t\t<h3 class=\"elementor-heading-title elementor-size-default\">Everything you need in Paulo Lopes<\/h3>\t\t\t\t<\/div>\n\t\t\t\t<\/div>\n\t\t\t\t<section class=\"elementor-section elementor-inner-section elementor-element elementor-element-9187f8a elementor-section-boxed elementor-section-height-default elementor-section-height-default\" data-id=\"9187f8a\" data-element_type=\"section\" data-e-type=\"section\">\n\t\t\t\t\t\t<div class=\"elementor-container elementor-column-gap-default\">\n\t\t\t\t\t<div class=\"elementor-column elementor-col-20 elementor-inner-column elementor-element elementor-element-8d0b548\" data-id=\"8d0b548\" data-element_type=\"column\" data-e-type=\"column\">\n\t\t\t<div class=\"elementor-widget-wrap elementor-element-populated\">\n\t\t\t\t\t\t<div class=\"elementor-element elementor-element-a624fdf elementor-view-stacked elementor-shape-square elementor-position-inline-start elementor-mobile-position-inline-start elementor-hidden-tablet elementor-hidden-mobile elementor-widget elementor-widget-icon-box\" data-id=\"a624fdf\" data-element_type=\"widget\" data-e-type=\"widget\" data-widget_type=\"icon-box.default\">\n\t\t\t\t<div class=\"elementor-widget-container\">\n\t\t\t\t\t\t\t<div class=\"elementor-icon-box-wrapper\">\n\n\t\t\t\t\t\t<div class=\"elementor-icon-box-icon\">\n\t\t\t\t<a href=\"https:\/\/visitepaulolopes.com.br\/en\/o-que-ver\/\" class=\"elementor-icon\" tabindex=\"-1\" aria-label=\"What to do\">\n\t\t\t\t<i aria-hidden=\"true\" class=\"fas fa-umbrella-beach\"><\/i>\t\t\t\t<\/a>\n\t\t\t<\/div>\n\t\t\t\n\t\t\t\t\t\t<div class=\"elementor-icon-box-content\">\n\n\t\t\t\t\t\t\t\t\t<div class=\"elementor-icon-box-title\">\n\t\t\t\t\t\t<a href=\"https:\/\/visitepaulolopes.com.br\/en\/o-que-ver\/\" >\n\t\t\t\t\t\t\tWhat to do\t\t\t\t\t\t<\/a>\n\t\t\t\t\t<\/div>\n\t\t\t\t\n\t\t\t\t\n\t\t\t<\/div>\n\t\t\t\n\t\t<\/div>\n\t\t\t\t\t\t<\/div>\n\t\t\t\t<\/div>\n\t\t\t\t\t<\/div>\n\t\t<\/div>\n\t\t\t\t<div class=\"elementor-column elementor-col-20 elementor-inner-column elementor-element elementor-element-d660a99\" data-id=\"d660a99\" data-element_type=\"column\" data-e-type=\"column\">\n\t\t\t<div class=\"elementor-widget-wrap elementor-element-populated\">\n\t\t\t\t\t\t<div class=\"elementor-element elementor-element-96724c4 elementor-view-stacked elementor-shape-square elementor-position-inline-start elementor-hidden-tablet elementor-hidden-mobile elementor-mobile-position-block-start elementor-widget elementor-widget-icon-box\" data-id=\"96724c4\" data-element_type=\"widget\" data-e-type=\"widget\" data-widget_type=\"icon-box.default\">\n\t\t\t\t<div class=\"elementor-widget-container\">\n\t\t\t\t\t\t\t<div class=\"elementor-icon-box-wrapper\">\n\n\t\t\t\t\t\t<div class=\"elementor-icon-box-icon\">\n\t\t\t\t<a href=\"https:\/\/visitepaulolopes.com.br\/en\/onde-ficar\/\" class=\"elementor-icon\" tabindex=\"-1\" aria-label=\"where to stay\">\n\t\t\t\t<i aria-hidden=\"true\" class=\"fas fa-hotel\"><\/i>\t\t\t\t<\/a>\n\t\t\t<\/div>\n\t\t\t\n\t\t\t\t\t\t<div class=\"elementor-icon-box-content\">\n\n\t\t\t\t\t\t\t\t\t<div class=\"elementor-icon-box-title\">\n\t\t\t\t\t\t<a href=\"https:\/\/visitepaulolopes.com.br\/en\/onde-ficar\/\" >\n\t\t\t\t\t\t\twhere to stay\t\t\t\t\t\t<\/a>\n\t\t\t\t\t<\/div>\n\t\t\t\t\n\t\t\t\t\n\t\t\t<\/div>\n\t\t\t\n\t\t<\/div>\n\t\t\t\t\t\t<\/div>\n\t\t\t\t<\/div>\n\t\t\t\t\t<\/div>\n\t\t<\/div>\n\t\t\t\t<div class=\"elementor-column elementor-col-20 elementor-inner-column elementor-element elementor-element-40d4c0d\" data-id=\"40d4c0d\" data-element_type=\"column\" data-e-type=\"column\">\n\t\t\t<div class=\"elementor-widget-wrap elementor-element-populated\">\n\t\t\t\t\t\t<div class=\"elementor-element elementor-element-b57f049 elementor-view-stacked elementor-shape-square elementor-position-inline-start elementor-hidden-tablet elementor-hidden-mobile elementor-mobile-position-block-start elementor-widget elementor-widget-icon-box\" data-id=\"b57f049\" data-element_type=\"widget\" data-e-type=\"widget\" data-widget_type=\"icon-box.default\">\n\t\t\t\t<div class=\"elementor-widget-container\">\n\t\t\t\t\t\t\t<div class=\"elementor-icon-box-wrapper\">\n\n\t\t\t\t\t\t<div class=\"elementor-icon-box-icon\">\n\t\t\t\t<a href=\"https:\/\/visitepaulolopes.com.br\/en\/o-que-comer\/\" class=\"elementor-icon\" tabindex=\"-1\" aria-label=\"eat and drink\">\n\t\t\t\t<i aria-hidden=\"true\" class=\"fas fa-pizza-slice\"><\/i>\t\t\t\t<\/a>\n\t\t\t<\/div>\n\t\t\t\n\t\t\t\t\t\t<div class=\"elementor-icon-box-content\">\n\n\t\t\t\t\t\t\t\t\t<div class=\"elementor-icon-box-title\">\n\t\t\t\t\t\t<a href=\"https:\/\/visitepaulolopes.com.br\/en\/o-que-comer\/\" >\n\t\t\t\t\t\t\teat and drink\t\t\t\t\t\t<\/a>\n\t\t\t\t\t<\/div>\n\t\t\t\t\n\t\t\t\t\n\t\t\t<\/div>\n\t\t\t\n\t\t<\/div>\n\t\t\t\t\t\t<\/div>\n\t\t\t\t<\/div>\n\t\t\t\t\t<\/div>\n\t\t<\/div>\n\t\t\t\t<div class=\"elementor-column elementor-col-20 elementor-inner-column elementor-element elementor-element-c6ad0a0\" data-id=\"c6ad0a0\" data-element_type=\"column\" data-e-type=\"column\">\n\t\t\t<div class=\"elementor-widget-wrap elementor-element-populated\">\n\t\t\t\t\t\t<div class=\"elementor-element elementor-element-6884e59 elementor-view-stacked elementor-shape-square elementor-position-inline-start elementor-hidden-tablet elementor-hidden-mobile elementor-mobile-position-block-start elementor-widget elementor-widget-icon-box\" data-id=\"6884e59\" data-element_type=\"widget\" data-e-type=\"widget\" data-widget_type=\"icon-box.default\">\n\t\t\t\t<div class=\"elementor-widget-container\">\n\t\t\t\t\t\t\t<div class=\"elementor-icon-box-wrapper\">\n\n\t\t\t\t\t\t<div class=\"elementor-icon-box-icon\">\n\t\t\t\t<a href=\"https:\/\/visitepaulolopes.com.br\/en\/agenda\/\" class=\"elementor-icon\" tabindex=\"-1\" aria-label=\"Schedule\">\n\t\t\t\t<i aria-hidden=\"true\" class=\"far fa-calendar-alt\"><\/i>\t\t\t\t<\/a>\n\t\t\t<\/div>\n\t\t\t\n\t\t\t\t\t\t<div class=\"elementor-icon-box-content\">\n\n\t\t\t\t\t\t\t\t\t<div class=\"elementor-icon-box-title\">\n\t\t\t\t\t\t<a href=\"https:\/\/visitepaulolopes.com.br\/en\/agenda\/\" >\n\t\t\t\t\t\t\tSchedule\t\t\t\t\t\t<\/a>\n\t\t\t\t\t<\/div>\n\t\t\t\t\n\t\t\t\t\n\t\t\t<\/div>\n\t\t\t\n\t\t<\/div>\n\t\t\t\t\t\t<\/div>\n\t\t\t\t<\/div>\n\t\t\t\t\t<\/div>\n\t\t<\/div>\n\t\t\t\t<div class=\"elementor-column elementor-col-20 elementor-inner-column elementor-element elementor-element-2a8de98\" data-id=\"2a8de98\" data-element_type=\"column\" data-e-type=\"column\">\n\t\t\t<div class=\"elementor-widget-wrap elementor-element-populated\">\n\t\t\t\t\t\t<div class=\"elementor-element elementor-element-42cbcdc elementor-view-stacked elementor-shape-square elementor-position-inline-start elementor-hidden-tablet elementor-hidden-mobile elementor-mobile-position-block-start elementor-widget elementor-widget-icon-box\" data-id=\"42cbcdc\" data-element_type=\"widget\" data-e-type=\"widget\" data-widget_type=\"icon-box.default\">\n\t\t\t\t<div class=\"elementor-widget-container\">\n\t\t\t\t\t\t\t<div class=\"elementor-icon-box-wrapper\">\n\n\t\t\t\t\t\t<div class=\"elementor-icon-box-icon\">\n\t\t\t\t<a href=\"https:\/\/visitepaulolopes.com.br\/en\/informacoes-uteis\/\" class=\"elementor-icon\" tabindex=\"-1\" aria-label=\"Useful information\">\n\t\t\t\t<i aria-hidden=\"true\" class=\"fas fa-info\"><\/i>\t\t\t\t<\/a>\n\t\t\t<\/div>\n\t\t\t\n\t\t\t\t\t\t<div class=\"elementor-icon-box-content\">\n\n\t\t\t\t\t\t\t\t\t<div class=\"elementor-icon-box-title\">\n\t\t\t\t\t\t<a href=\"https:\/\/visitepaulolopes.com.br\/en\/informacoes-uteis\/\" >\n\t\t\t\t\t\t\tUseful information\t\t\t\t\t\t<\/a>\n\t\t\t\t\t<\/div>\n\t\t\t\t\n\t\t\t\t\n\t\t\t<\/div>\n\t\t\t\n\t\t<\/div>\n\t\t\t\t\t\t<\/div>\n\t\t\t\t<\/div>\n\t\t\t\t\t<\/div>\n\t\t<\/div>\n\t\t\t\t\t<\/div>\n\t\t<\/section>\n\t\t\t\t\t<\/div>\n\t\t<\/div>\n\t\t\t\t\t<\/div>\n\t\t<\/section>\n\t\t\t\t<\/div>","protected":false},"excerpt":{"rendered":"<p>Confira outros artigos Tudo que voc\u00ea precisa em Paulo Lopes O que fazer onde ficar comer e beber Agenda Informa\u00e7\u00f5es \u00fateis<\/p>","protected":false},"author":1,"featured_media":0,"parent":0,"menu_order":0,"comment_status":"closed","ping_status":"closed","template":"","meta":{"footnotes":""},"class_list":["post-364","page","type-page","status-publish","hentry"],"_links":{"self":[{"href":"https:\/\/visitepaulolopes.com.br\/en\/wp-json\/wp\/v2\/pages\/364","targetHints":{"allow":["GET"]}}],"collection":[{"href":"https:\/\/visitepaulolopes.com.br\/en\/wp-json\/wp\/v2\/pages"}],"about":[{"href":"https:\/\/visitepaulolopes.com.br\/en\/wp-json\/wp\/v2\/types\/page"}],"author":[{"embeddable":true,"href":"https:\/\/visitepaulolopes.com.br\/en\/wp-json\/wp\/v2\/users\/1"}],"replies":[{"embeddable":true,"href":"https:\/\/visitepaulolopes.com.br\/en\/wp-json\/wp\/v2\/comments?post=364"}],"version-history":[{"count":0,"href":"https:\/\/visitepaulolopes.com.br\/en\/wp-json\/wp\/v2\/pages\/364\/revisions"}],"wp:attachment":[{"href":"https:\/\/visitepaulolopes.com.br\/en\/wp-json\/wp\/v2\/media?parent=364"}],"curies":[{"name":"wp","href":"https:\/\/api.w.org\/{rel}","templated":true}]}}